{"id":4043,"date":"2021-08-18T19:03:07","date_gmt":"2021-08-18T17:03:07","guid":{"rendered":"http:\/\/hakrilas.no\/blogg\/?page_id=4043"},"modified":"2022-12-21T19:27:06","modified_gmt":"2022-12-21T18:27:06","slug":"om-n-hakrilas-abyssineroppdrett","status":"publish","type":"page","link":"https:\/\/hakrilas.no\/blogg\/?page_id=4043","title":{"rendered":"OM (N) HAKRILAS ABYSSINEROPPDRETT"},"content":{"rendered":"<p>Mitt navn er Toril, jeg er 56 \u00e5r og gift. Bor i en 60 kvm leilighet ca. 15 minutters gange inn til Trondheim sentrum. Her stortrives vi \ud83d\ude0a<br \/>\n&nbsp;<br \/>\n&nbsp;<br \/>\nMin mann og jeg bor sammen med v\u00e5re tre kjempeherlige katter: SC Ingave&#8217;s Nadina (kastrat), svensken CH S*Skimmerdal&#8217;s Elvis (kastrat) og (N) Hakrilas Hera (datteren til Nadina) (fertil) \u2764\u2764\u2764\u2764  \ud83d\ude0a<br \/>\n&nbsp;<br \/>\n&nbsp;<br \/>\nDet hele startet da vi fikk v\u00e5r f\u00f8rste abyssinerhunnkatt (Topsy) Hun kom til oss 17.juni 2005, og jeg bestemte meg etter hvert for at vi skulle pr\u00f8ve \u00e5 la henne f\u00e5 kattunger. Dermed begynte sn\u00f8ballen \u00e5 rulle. Jeg fikk gode r\u00e5d og veiledning fra en tidligere abyssineroppdretter som var medlem i min rasekattklubb (Tr\u00f8nderkatten) om hvordan jeg kunne g\u00e5 fram. Tusen hjertelig takk til deg, Anne Marit Jerpstad!:) I \u00e5rene som har g\u00e5tt har jeg f\u00e5tt kontakt med kjempemange koselige abyssineroppdrettere i Norge og Sverige \ud83d\ude0a<br \/>\n&nbsp;<br \/>\n&nbsp;<br \/>\nHVORFOR STAMNAVNET (N) HAKRILAS?<br \/>\n&nbsp;<br \/>\nN\u00e5r man blir tildelt stamnavn fra NRR er stamnavnet mitt&nbsp; personlig&nbsp;til odel og eie, og ingen andre i hele verden skal ha et liknende stamnavn!<br \/>\n&nbsp;<br \/>\n&nbsp;<br \/>\nDa jeg begynte \u00e5 tenke p\u00e5 stamnavn for oppdrettet, var det viktig for meg at stamnavnet skulle v\u00e6re personlig, noe som skulle klinge godt n\u00e5r man sier navnet, og ikke minst et navn som man selv liker.<br \/>\n&nbsp;<br \/>\n&nbsp;<br \/>\nJeg satte meg ned og lekte med bokstavne i for- og etternavnene til min mann og meg selv, for \u00e5 se om jeg kunne komponere et navn som jeg syntes passet. Dermed kom Hakrilas p\u00e5 papiret. Ha = de to f\u00f8rste bokstavene i navnet Halvard, kr = de to f\u00f8rste bokstavene i mitt etternavn, il = de to siste boktavne i mitt fornavn, og as. Jeg hadde tre slike navn til p\u00e5 prioritetslisten for stamnavns\u00f8knad i tilfelle f\u00f8rste\u00f8nsket skulle bli avsl\u00e5tt, men det ble godkjent. Jeg fikk tips om at det var lurt \u00e5 ha stamnavnet klart i god tid f\u00f8r A-kullet v\u00e5rt ble f\u00f8dt. I juli 2006 fikk jeg stamnavnet (N) Hakrilas innvilget \ud83d\ude0a N\u00e5r kattunger er eldre enn tre m\u00e5neder blir det dyrere for \u00e5 f\u00e5 stamtavler.<\/p>\n<div class=\"linkwithin_hook\" id=\"https:\/\/hakrilas.no\/blogg\/?page_id=4043\"><\/div><script>\n<!-- \/\/LinkWithinCodeStart\nvar linkwithin_site_id = 1288025;\nvar linkwithin_div_class = \"linkwithin_hook\";\n\/\/LinkWithinCodeEnd -->\n<\/script>\n<script src=\"http:\/\/www.linkwithin.com\/widget.js\"><\/script>\n<a href=\"http:\/\/www.linkwithin.com\/\"><img decoding=\"async\" src=\"http:\/\/www.linkwithin.com\/pixel.png\" alt=\"Related Posts Plugin for WordPress, Blogger...\" style=\"border: 0\" \/><\/a>","protected":false},"excerpt":{"rendered":"<p>Mitt navn er Toril, jeg er 56 \u00e5r og gift. Bor i en 60 kvm leilighet ca. 15 minutters gange inn til Trondheim sentrum. Her stortrives vi \ud83d\ude0a &nbsp; &nbsp; Min mann og jeg bor sammen med v\u00e5re tre kjempeherlige &hellip; <a href=\"https:\/\/hakrilas.no\/blogg\/?page_id=4043\">Les videre <span class=\"meta-nav\">&rarr;<\/span><\/a><\/p>\n<script>\n<!-- \/\/LinkWithinCodeStart\nvar linkwithin_site_id = 1288025;\nvar linkwithin_div_class = \"linkwithin_hook\";\n\/\/LinkWithinCodeEnd -->\n<\/script>\n<script src=\"http:\/\/www.linkwithin.com\/widget.js\"><\/script>\n<a href=\"http:\/\/www.linkwithin.com\/\"><img decoding=\"async\" src=\"http:\/\/www.linkwithin.com\/pixel.png\" alt=\"Related Posts Plugin for WordPress, Blogger...\" style=\"border: 0\" \/><\/a>","protected":false},"author":1,"featured_media":0,"parent":0,"menu_order":0,"comment_status":"closed","ping_status":"closed","template":"","meta":{"footnotes":""},"class_list":["post-4043","page","type-page","status-publish","hentry"],"aioseo_notices":[],"_links":{"self":[{"href":"https:\/\/hakrilas.no\/blogg\/index.php?rest_route=\/wp\/v2\/pages\/4043","targetHints":{"allow":["GET"]}}],"collection":[{"href":"https:\/\/hakrilas.no\/blogg\/index.php?rest_route=\/wp\/v2\/pages"}],"about":[{"href":"https:\/\/hakrilas.no\/blogg\/index.php?rest_route=\/wp\/v2\/types\/page"}],"author":[{"embeddable":true,"href":"https:\/\/hakrilas.no\/blogg\/index.php?rest_route=\/wp\/v2\/users\/1"}],"replies":[{"embeddable":true,"href":"https:\/\/hakrilas.no\/blogg\/index.php?rest_route=%2Fwp%2Fv2%2Fcomments&post=4043"}],"version-history":[{"count":3,"href":"https:\/\/hakrilas.no\/blogg\/index.php?rest_route=\/wp\/v2\/pages\/4043\/revisions"}],"predecessor-version":[{"id":4155,"href":"https:\/\/hakrilas.no\/blogg\/index.php?rest_route=\/wp\/v2\/pages\/4043\/revisions\/4155"}],"wp:attachment":[{"href":"https:\/\/hakrilas.no\/blogg\/index.php?rest_route=%2Fwp%2Fv2%2Fmedia&parent=4043"}],"curies":[{"name":"wp","href":"https:\/\/api.w.org\/{rel}","templated":true}]}}